{"id":308,"date":"2019-02-01T21:24:09","date_gmt":"2019-02-01T20:24:09","guid":{"rendered":"https:\/\/wirmachendas.jetzt\/en\/?page_id=308"},"modified":"2019-02-01T21:24:09","modified_gmt":"2019-02-01T20:24:09","slug":"downloads","status":"publish","type":"page","link":"https:\/\/wirmachendas.jetzt\/en\/meet-your-neighbours\/downloads\/","title":{"rendered":"Downloads"},"content":{"rendered":"<p>Hier findet ihr alle Publikationen und Downloads, die im Rahmen unseres Projektes Meet Your Neighbours entstanden sind.<\/p>\n<p><a href=\"https:\/\/wirmachendas.jetzt\/wp-content\/uploads\/sites\/2\/2019\/01\/Ein-Jahr-mit-MYN.pdf\" target=\"_blank\" rel=\"noopener\">Ein Jahr mit Meet Your Neighbours (PDF)<\/a><\/p>\n<p>Ein Jahr mit Meet Your Neighbours ist ein Bericht \u00fcber die Veranstaltungen, die stattgefunden haben, bebildert mit sch\u00f6nen Fotografien. Wenn du eine gedruckte Kopie m\u00f6chtest, melde dich bitte bei unserer <a href=\"https:\/\/wirmachendas.jetzt\/presse\/\">Presseabteilung<\/a>.<\/p>\n<p><a href=\"https:\/\/www.allitera-verlag.de\/buch\/wir-sind-hier\/\" target=\"_blank\" rel=\"noopener\">Wir sind hier. Geschichten \u00fcber das Ankommen (externer Link)<\/a><\/p>\n<p>2018 ist das Sammelband &#8222;Wir sind hier. Geschichten \u00fcber das Ankommen&#8220; beim Allitera Verlag erschienen.<\/p>\n","protected":false},"excerpt":{"rendered":"<p>Hier findet ihr alle Publikationen und Downloads, die im Rahmen unseres Projektes Meet Your Neighbours entstanden sind. Ein Jahr mit Meet Your Neighbours (PDF) Ein Jahr mit Meet Your Neighbours ist ein Bericht \u00fcber die Veranstaltungen, die stattgefunden haben, bebildert mit sch\u00f6nen Fotografien. Wenn du eine gedruckte Kopie m\u00f6chtest, melde dich bitte bei unserer Presseabteilung. &hellip; <a href=\"https:\/\/wirmachendas.jetzt\/en\/meet-your-neighbours\/downloads\/\" class=\"more-link\"><span class=\"screen-reader-text\">\u201eDownloads\u201c <\/span>weiterlesen<\/a><\/p>\n","protected":false},"author":2,"featured_media":0,"parent":11,"menu_order":0,"comment_status":"closed","ping_status":"closed","template":"","meta":{"_acf_changed":false,"footnotes":""},"class_list":["post-308","page","type-page","status-publish","hentry"],"acf":[],"yoast_head":"<!-- This site is optimized with the Yoast SEO plugin v26.6 - https:\/\/yoast.com\/wordpress\/plugins\/seo\/ -->\n<title>Downloads - wearedoingit e.V.<\/title>\n<meta name=\"robots\" content=\"index, follow, max-snippet:-1, max-image-preview:large, max-video-preview:-1\" \/>\n<link rel=\"canonical\" href=\"https:\/\/wirmachendas.jetzt\/en\/meet-your-neighbours\/downloads\/\" \/>\n<meta property=\"og:locale\" content=\"de_DE\" \/>\n<meta property=\"og:type\" content=\"article\" \/>\n<meta property=\"og:title\" content=\"Downloads - wearedoingit e.V.\" \/>\n<meta property=\"og:description\" content=\"Hier findet ihr alle Publikationen und Downloads, die im Rahmen unseres Projektes Meet Your Neighbours entstanden sind. Ein Jahr mit Meet Your Neighbours (PDF) Ein Jahr mit Meet Your Neighbours ist ein Bericht \u00fcber die Veranstaltungen, die stattgefunden haben, bebildert mit sch\u00f6nen Fotografien. Wenn du eine gedruckte Kopie m\u00f6chtest, melde dich bitte bei unserer Presseabteilung. &hellip; \u201eDownloads\u201c weiterlesen\" \/>\n<meta property=\"og:url\" content=\"https:\/\/wirmachendas.jetzt\/en\/meet-your-neighbours\/downloads\/\" \/>\n<meta property=\"og:site_name\" content=\"wearedoingit e.V.\" \/>\n<meta name=\"twitter:card\" content=\"summary_large_image\" \/>\n<script type=\"application\/ld+json\" class=\"yoast-schema-graph\">{\"@context\":\"https:\/\/schema.org\",\"@graph\":[{\"@type\":\"WebPage\",\"@id\":\"https:\/\/wirmachendas.jetzt\/en\/meet-your-neighbours\/downloads\/\",\"url\":\"https:\/\/wirmachendas.jetzt\/en\/meet-your-neighbours\/downloads\/\",\"name\":\"Downloads - wearedoingit e.V.\",\"isPartOf\":{\"@id\":\"https:\/\/wirmachendas.jetzt\/en\/#website\"},\"datePublished\":\"2019-02-01T20:24:09+00:00\",\"breadcrumb\":{\"@id\":\"https:\/\/wirmachendas.jetzt\/en\/meet-your-neighbours\/downloads\/#breadcrumb\"},\"inLanguage\":\"de\",\"potentialAction\":[{\"@type\":\"ReadAction\",\"target\":[\"https:\/\/wirmachendas.jetzt\/en\/meet-your-neighbours\/downloads\/\"]}]},{\"@type\":\"BreadcrumbList\",\"@id\":\"https:\/\/wirmachendas.jetzt\/en\/meet-your-neighbours\/downloads\/#breadcrumb\",\"itemListElement\":[{\"@type\":\"ListItem\",\"position\":1,\"name\":\"Startseite\",\"item\":\"https:\/\/wirmachendas.jetzt\/en\/\"},{\"@type\":\"ListItem\",\"position\":2,\"name\":\"Meet Your Neighbours\",\"item\":\"https:\/\/wirmachendas.jetzt\/en\/meet-your-neighbours\/\"},{\"@type\":\"ListItem\",\"position\":3,\"name\":\"Downloads\"}]},{\"@type\":\"WebSite\",\"@id\":\"https:\/\/wirmachendas.jetzt\/en\/#website\",\"url\":\"https:\/\/wirmachendas.jetzt\/en\/\",\"name\":\"wearedoingit e.V.\",\"description\":\"\",\"potentialAction\":[{\"@type\":\"SearchAction\",\"target\":{\"@type\":\"EntryPoint\",\"urlTemplate\":\"https:\/\/wirmachendas.jetzt\/en\/?s={search_term_string}\"},\"query-input\":{\"@type\":\"PropertyValueSpecification\",\"valueRequired\":true,\"valueName\":\"search_term_string\"}}],\"inLanguage\":\"de\"}]}<\/script>\n<!-- \/ Yoast SEO plugin. -->","yoast_head_json":{"title":"Downloads - wearedoingit e.V.","robots":{"index":"index","follow":"follow","max-snippet":"max-snippet:-1","max-image-preview":"max-image-preview:large","max-video-preview":"max-video-preview:-1"},"canonical":"https:\/\/wirmachendas.jetzt\/en\/meet-your-neighbours\/downloads\/","og_locale":"de_DE","og_type":"article","og_title":"Downloads - wearedoingit e.V.","og_description":"Hier findet ihr alle Publikationen und Downloads, die im Rahmen unseres Projektes Meet Your Neighbours entstanden sind. Ein Jahr mit Meet Your Neighbours (PDF) Ein Jahr mit Meet Your Neighbours ist ein Bericht \u00fcber die Veranstaltungen, die stattgefunden haben, bebildert mit sch\u00f6nen Fotografien. Wenn du eine gedruckte Kopie m\u00f6chtest, melde dich bitte bei unserer Presseabteilung. &hellip; \u201eDownloads\u201c weiterlesen","og_url":"https:\/\/wirmachendas.jetzt\/en\/meet-your-neighbours\/downloads\/","og_site_name":"wearedoingit e.V.","twitter_card":"summary_large_image","schema":{"@context":"https:\/\/schema.org","@graph":[{"@type":"WebPage","@id":"https:\/\/wirmachendas.jetzt\/en\/meet-your-neighbours\/downloads\/","url":"https:\/\/wirmachendas.jetzt\/en\/meet-your-neighbours\/downloads\/","name":"Downloads - wearedoingit e.V.","isPartOf":{"@id":"https:\/\/wirmachendas.jetzt\/en\/#website"},"datePublished":"2019-02-01T20:24:09+00:00","breadcrumb":{"@id":"https:\/\/wirmachendas.jetzt\/en\/meet-your-neighbours\/downloads\/#breadcrumb"},"inLanguage":"de","potentialAction":[{"@type":"ReadAction","target":["https:\/\/wirmachendas.jetzt\/en\/meet-your-neighbours\/downloads\/"]}]},{"@type":"BreadcrumbList","@id":"https:\/\/wirmachendas.jetzt\/en\/meet-your-neighbours\/downloads\/#breadcrumb","itemListElement":[{"@type":"ListItem","position":1,"name":"Startseite","item":"https:\/\/wirmachendas.jetzt\/en\/"},{"@type":"ListItem","position":2,"name":"Meet Your Neighbours","item":"https:\/\/wirmachendas.jetzt\/en\/meet-your-neighbours\/"},{"@type":"ListItem","position":3,"name":"Downloads"}]},{"@type":"WebSite","@id":"https:\/\/wirmachendas.jetzt\/en\/#website","url":"https:\/\/wirmachendas.jetzt\/en\/","name":"wearedoingit e.V.","description":"","potentialAction":[{"@type":"SearchAction","target":{"@type":"EntryPoint","urlTemplate":"https:\/\/wirmachendas.jetzt\/en\/?s={search_term_string}"},"query-input":{"@type":"PropertyValueSpecification","valueRequired":true,"valueName":"search_term_string"}}],"inLanguage":"de"}]}},"_links":{"self":[{"href":"https:\/\/wirmachendas.jetzt\/en\/wp-json\/wp\/v2\/pages\/308","targetHints":{"allow":["GET"]}}],"collection":[{"href":"https:\/\/wirmachendas.jetzt\/en\/wp-json\/wp\/v2\/pages"}],"about":[{"href":"https:\/\/wirmachendas.jetzt\/en\/wp-json\/wp\/v2\/types\/page"}],"author":[{"embeddable":true,"href":"https:\/\/wirmachendas.jetzt\/en\/wp-json\/wp\/v2\/users\/2"}],"replies":[{"embeddable":true,"href":"https:\/\/wirmachendas.jetzt\/en\/wp-json\/wp\/v2\/comments?post=308"}],"version-history":[{"count":0,"href":"https:\/\/wirmachendas.jetzt\/en\/wp-json\/wp\/v2\/pages\/308\/revisions"}],"up":[{"embeddable":true,"href":"https:\/\/wirmachendas.jetzt\/en\/wp-json\/wp\/v2\/pages\/11"}],"wp:attachment":[{"href":"https:\/\/wirmachendas.jetzt\/en\/wp-json\/wp\/v2\/media?parent=308"}],"curies":[{"name":"wp","href":"https:\/\/api.w.org\/{rel}","templated":true}]}}