{"id":67,"date":"2018-11-29T21:45:32","date_gmt":"2018-11-29T20:45:32","guid":{"rendered":"https:\/\/wirmachendas.jetzt\/?page_id=67"},"modified":"2020-04-29T10:48:15","modified_gmt":"2020-04-29T08:48:15","slug":"locations","status":"publish","type":"page","link":"https:\/\/wirmachendas.jetzt\/en\/meet-your-neighbours\/locations\/","title":{"rendered":"Locations"},"content":{"rendered":"<p>Which libraries, museums and other cultural locations have opened their doors for Meet Your Neighbours?<\/p>\n<p>These are the participants, listed by location.<\/p>\n<p><strong>Berlin:<\/strong><br \/>\nTucholsky Buchhandlung, Buchhandlung Thaer, Georg B\u00fcchner Buchladen, Buchhandlung Die Insel, Buchhandlung Stadtlichter, autorenbuchhandlung, Literarische Buchhandlung Der Zauberberg, Starick Buchhandlung, Buchhandlung Herschel, Buchhandlung Ocelot, Prior &amp; Mumpitz, Theater Morgenstern, Vierte Welt, READ!BERLIN Literaturfestival, internationales literaturfestival berlin, Haus f\u00fcr Poesie, Lyrikmarkt, Literarisches Colloquium Berlin<\/p>\n<p><strong>M\u00fcnchen (und Umgebung):<\/strong><br \/>\nLiteraturhaus M\u00fcnchen, Buchhandlung Isarflimmern, Buchhandlung Lehmkuhl, Buch in der Au, Buchhandlung Kunst- und Textwerk, Charlotte-Dessecker-B\u00fccherei (Pullach), Buchhandlung Isartal (Ebenhausen), Buchhandlung Kirchheim (Gauting), Buchhandlung Pfeiffer, Buch &amp; Caf\u00e9 Lentner, Literatur Moths, Monacensia im Hildebrandhaus, Stadtbibliothek Pasing<\/p>\n<p><strong>Heidelberg: <\/strong><br \/>\nAllerorts Literatur Festival, Buchhandlung WortReich<\/p>\n<p><strong>Hamburg:<\/strong><br \/>\nLesesaal Buchhandlung, L\u00fcders Buchhandlung &amp; Antiquariat, B\u00fcchereck Niendorf-Nord, B\u00fccherhallen Hamburg, Buchhandlung Seitenweise, Kulturladen Hamm<\/p>\n<p><strong>K\u00f6ln:<\/strong><br \/>\nBuchladen Neusser Stra\u00dfe, Stadtbibliothek K\u00f6ln<\/p>\n<p><strong>Bonn:<\/strong><br \/>\nBuchhandlung am Paulusplatz<\/p>\n<p><strong>Essen:<\/strong><br \/>\nBuchhandlung Proust w\u00f6rter + t\u00f6ne<\/p>\n<p><strong>Bremen:<\/strong> globale\u00b0 \u2013 Festival f\u00fcr grenz\u00fcberschreitende Literatur<\/p>\n<p><strong>Bruchsal:<\/strong><br \/>\nBuchhandlung Carolin Wolf<\/p>\n<p><strong>Nienburg\/Weser: <\/strong><br \/>\nB\u00fccher Leseberg<\/p>\n<p><strong>Mainz:<br \/>\n<\/strong>Nimmerland Kinderbuchhandlung<\/p>\n<p><strong>Dresden: <\/strong><br \/>\nB\u00fcchers Best<\/p>\n","protected":false},"excerpt":{"rendered":"<p>Which libraries, museums and other cultural locations have opened their doors for Meet Your Neighbours? These are the participants, listed by location. Berlin: Tucholsky Buchhandlung, Buchhandlung Thaer, Georg B\u00fcchner Buchladen, Buchhandlung Die Insel, Buchhandlung Stadtlichter, autorenbuchhandlung, Literarische Buchhandlung Der Zauberberg, Starick Buchhandlung, Buchhandlung Herschel, Buchhandlung Ocelot, Prior &amp; Mumpitz, Theater Morgenstern, Vierte Welt, READ!BERLIN Literaturfestival, &hellip; <a href=\"https:\/\/wirmachendas.jetzt\/en\/meet-your-neighbours\/locations\/\" class=\"more-link\"><span class=\"screen-reader-text\">\u201eLocations\u201c <\/span>weiterlesen<\/a><\/p>\n","protected":false},"author":1,"featured_media":33,"parent":11,"menu_order":1,"comment_status":"closed","ping_status":"closed","template":"","meta":{"_acf_changed":false,"footnotes":""},"class_list":["post-67","page","type-page","status-publish","has-post-thumbnail","hentry"],"acf":[],"yoast_head":"<!-- This site is optimized with the Yoast SEO plugin v26.6 - https:\/\/yoast.com\/wordpress\/plugins\/seo\/ -->\n<title>Locations - wearedoingit e.V.<\/title>\n<meta name=\"robots\" content=\"index, follow, max-snippet:-1, max-image-preview:large, max-video-preview:-1\" \/>\n<link rel=\"canonical\" href=\"https:\/\/wirmachendas.jetzt\/en\/meet-your-neighbours\/locations\/\" \/>\n<meta property=\"og:locale\" content=\"de_DE\" \/>\n<meta property=\"og:type\" content=\"article\" \/>\n<meta property=\"og:title\" content=\"Locations - wearedoingit e.V.\" \/>\n<meta property=\"og:description\" content=\"Which libraries, museums and other cultural locations have opened their doors for Meet Your Neighbours? These are the participants, listed by location. Berlin: Tucholsky Buchhandlung, Buchhandlung Thaer, Georg B\u00fcchner Buchladen, Buchhandlung Die Insel, Buchhandlung Stadtlichter, autorenbuchhandlung, Literarische Buchhandlung Der Zauberberg, Starick Buchhandlung, Buchhandlung Herschel, Buchhandlung Ocelot, Prior &amp; Mumpitz, Theater Morgenstern, Vierte Welt, READ!BERLIN Literaturfestival, &hellip; \u201eLocations\u201c weiterlesen\" \/>\n<meta property=\"og:url\" content=\"https:\/\/wirmachendas.jetzt\/en\/meet-your-neighbours\/locations\/\" \/>\n<meta property=\"og:site_name\" content=\"wearedoingit e.V.\" \/>\n<meta property=\"article:modified_time\" content=\"2020-04-29T08:48:15+00:00\" \/>\n<meta property=\"og:image\" content=\"https:\/\/wirmachendas.jetzt\/en\/wp-content\/uploads\/sites\/3\/2018\/11\/dummy-article-header.jpg\" \/>\n\t<meta property=\"og:image:width\" content=\"630\" \/>\n\t<meta property=\"og:image:height\" content=\"419\" \/>\n\t<meta property=\"og:image:type\" content=\"image\/jpeg\" \/>\n<meta name=\"twitter:card\" content=\"summary_large_image\" \/>\n<meta name=\"twitter:label1\" content=\"Gesch\u00e4tzte Lesezeit\" \/>\n\t<meta name=\"twitter:data1\" content=\"1\u00a0Minute\" \/>\n<script type=\"application\/ld+json\" class=\"yoast-schema-graph\">{\"@context\":\"https:\/\/schema.org\",\"@graph\":[{\"@type\":\"WebPage\",\"@id\":\"https:\/\/wirmachendas.jetzt\/en\/meet-your-neighbours\/locations\/\",\"url\":\"https:\/\/wirmachendas.jetzt\/en\/meet-your-neighbours\/locations\/\",\"name\":\"Locations - wearedoingit e.V.\",\"isPartOf\":{\"@id\":\"https:\/\/wirmachendas.jetzt\/en\/#website\"},\"primaryImageOfPage\":{\"@id\":\"https:\/\/wirmachendas.jetzt\/en\/meet-your-neighbours\/locations\/#primaryimage\"},\"image\":{\"@id\":\"https:\/\/wirmachendas.jetzt\/en\/meet-your-neighbours\/locations\/#primaryimage\"},\"thumbnailUrl\":\"https:\/\/wirmachendas.jetzt\/en\/wp-content\/uploads\/sites\/3\/2018\/11\/dummy-article-header.jpg\",\"datePublished\":\"2018-11-29T20:45:32+00:00\",\"dateModified\":\"2020-04-29T08:48:15+00:00\",\"breadcrumb\":{\"@id\":\"https:\/\/wirmachendas.jetzt\/en\/meet-your-neighbours\/locations\/#breadcrumb\"},\"inLanguage\":\"de\",\"potentialAction\":[{\"@type\":\"ReadAction\",\"target\":[\"https:\/\/wirmachendas.jetzt\/en\/meet-your-neighbours\/locations\/\"]}]},{\"@type\":\"ImageObject\",\"inLanguage\":\"de\",\"@id\":\"https:\/\/wirmachendas.jetzt\/en\/meet-your-neighbours\/locations\/#primaryimage\",\"url\":\"https:\/\/wirmachendas.jetzt\/en\/wp-content\/uploads\/sites\/3\/2018\/11\/dummy-article-header.jpg\",\"contentUrl\":\"https:\/\/wirmachendas.jetzt\/en\/wp-content\/uploads\/sites\/3\/2018\/11\/dummy-article-header.jpg\",\"width\":630,\"height\":419},{\"@type\":\"BreadcrumbList\",\"@id\":\"https:\/\/wirmachendas.jetzt\/en\/meet-your-neighbours\/locations\/#breadcrumb\",\"itemListElement\":[{\"@type\":\"ListItem\",\"position\":1,\"name\":\"Startseite\",\"item\":\"https:\/\/wirmachendas.jetzt\/en\/\"},{\"@type\":\"ListItem\",\"position\":2,\"name\":\"Meet Your Neighbours\",\"item\":\"https:\/\/wirmachendas.jetzt\/en\/meet-your-neighbours\/\"},{\"@type\":\"ListItem\",\"position\":3,\"name\":\"Locations\"}]},{\"@type\":\"WebSite\",\"@id\":\"https:\/\/wirmachendas.jetzt\/en\/#website\",\"url\":\"https:\/\/wirmachendas.jetzt\/en\/\",\"name\":\"wearedoingit e.V.\",\"description\":\"\",\"potentialAction\":[{\"@type\":\"SearchAction\",\"target\":{\"@type\":\"EntryPoint\",\"urlTemplate\":\"https:\/\/wirmachendas.jetzt\/en\/?s={search_term_string}\"},\"query-input\":{\"@type\":\"PropertyValueSpecification\",\"valueRequired\":true,\"valueName\":\"search_term_string\"}}],\"inLanguage\":\"de\"}]}<\/script>\n<!-- \/ Yoast SEO plugin. -->","yoast_head_json":{"title":"Locations - wearedoingit e.V.","robots":{"index":"index","follow":"follow","max-snippet":"max-snippet:-1","max-image-preview":"max-image-preview:large","max-video-preview":"max-video-preview:-1"},"canonical":"https:\/\/wirmachendas.jetzt\/en\/meet-your-neighbours\/locations\/","og_locale":"de_DE","og_type":"article","og_title":"Locations - wearedoingit e.V.","og_description":"Which libraries, museums and other cultural locations have opened their doors for Meet Your Neighbours? These are the participants, listed by location. Berlin: Tucholsky Buchhandlung, Buchhandlung Thaer, Georg B\u00fcchner Buchladen, Buchhandlung Die Insel, Buchhandlung Stadtlichter, autorenbuchhandlung, Literarische Buchhandlung Der Zauberberg, Starick Buchhandlung, Buchhandlung Herschel, Buchhandlung Ocelot, Prior &amp; Mumpitz, Theater Morgenstern, Vierte Welt, READ!BERLIN Literaturfestival, &hellip; \u201eLocations\u201c weiterlesen","og_url":"https:\/\/wirmachendas.jetzt\/en\/meet-your-neighbours\/locations\/","og_site_name":"wearedoingit e.V.","article_modified_time":"2020-04-29T08:48:15+00:00","og_image":[{"width":630,"height":419,"url":"https:\/\/wirmachendas.jetzt\/en\/wp-content\/uploads\/sites\/3\/2018\/11\/dummy-article-header.jpg","type":"image\/jpeg"}],"twitter_card":"summary_large_image","twitter_misc":{"Gesch\u00e4tzte Lesezeit":"1\u00a0Minute"},"schema":{"@context":"https:\/\/schema.org","@graph":[{"@type":"WebPage","@id":"https:\/\/wirmachendas.jetzt\/en\/meet-your-neighbours\/locations\/","url":"https:\/\/wirmachendas.jetzt\/en\/meet-your-neighbours\/locations\/","name":"Locations - wearedoingit e.V.","isPartOf":{"@id":"https:\/\/wirmachendas.jetzt\/en\/#website"},"primaryImageOfPage":{"@id":"https:\/\/wirmachendas.jetzt\/en\/meet-your-neighbours\/locations\/#primaryimage"},"image":{"@id":"https:\/\/wirmachendas.jetzt\/en\/meet-your-neighbours\/locations\/#primaryimage"},"thumbnailUrl":"https:\/\/wirmachendas.jetzt\/en\/wp-content\/uploads\/sites\/3\/2018\/11\/dummy-article-header.jpg","datePublished":"2018-11-29T20:45:32+00:00","dateModified":"2020-04-29T08:48:15+00:00","breadcrumb":{"@id":"https:\/\/wirmachendas.jetzt\/en\/meet-your-neighbours\/locations\/#breadcrumb"},"inLanguage":"de","potentialAction":[{"@type":"ReadAction","target":["https:\/\/wirmachendas.jetzt\/en\/meet-your-neighbours\/locations\/"]}]},{"@type":"ImageObject","inLanguage":"de","@id":"https:\/\/wirmachendas.jetzt\/en\/meet-your-neighbours\/locations\/#primaryimage","url":"https:\/\/wirmachendas.jetzt\/en\/wp-content\/uploads\/sites\/3\/2018\/11\/dummy-article-header.jpg","contentUrl":"https:\/\/wirmachendas.jetzt\/en\/wp-content\/uploads\/sites\/3\/2018\/11\/dummy-article-header.jpg","width":630,"height":419},{"@type":"BreadcrumbList","@id":"https:\/\/wirmachendas.jetzt\/en\/meet-your-neighbours\/locations\/#breadcrumb","itemListElement":[{"@type":"ListItem","position":1,"name":"Startseite","item":"https:\/\/wirmachendas.jetzt\/en\/"},{"@type":"ListItem","position":2,"name":"Meet Your Neighbours","item":"https:\/\/wirmachendas.jetzt\/en\/meet-your-neighbours\/"},{"@type":"ListItem","position":3,"name":"Locations"}]},{"@type":"WebSite","@id":"https:\/\/wirmachendas.jetzt\/en\/#website","url":"https:\/\/wirmachendas.jetzt\/en\/","name":"wearedoingit e.V.","description":"","potentialAction":[{"@type":"SearchAction","target":{"@type":"EntryPoint","urlTemplate":"https:\/\/wirmachendas.jetzt\/en\/?s={search_term_string}"},"query-input":{"@type":"PropertyValueSpecification","valueRequired":true,"valueName":"search_term_string"}}],"inLanguage":"de"}]}},"_links":{"self":[{"href":"https:\/\/wirmachendas.jetzt\/en\/wp-json\/wp\/v2\/pages\/67","targetHints":{"allow":["GET"]}}],"collection":[{"href":"https:\/\/wirmachendas.jetzt\/en\/wp-json\/wp\/v2\/pages"}],"about":[{"href":"https:\/\/wirmachendas.jetzt\/en\/wp-json\/wp\/v2\/types\/page"}],"author":[{"embeddable":true,"href":"https:\/\/wirmachendas.jetzt\/en\/wp-json\/wp\/v2\/users\/1"}],"replies":[{"embeddable":true,"href":"https:\/\/wirmachendas.jetzt\/en\/wp-json\/wp\/v2\/comments?post=67"}],"version-history":[{"count":0,"href":"https:\/\/wirmachendas.jetzt\/en\/wp-json\/wp\/v2\/pages\/67\/revisions"}],"up":[{"embeddable":true,"href":"https:\/\/wirmachendas.jetzt\/en\/wp-json\/wp\/v2\/pages\/11"}],"wp:featuredmedia":[{"embeddable":true,"href":"https:\/\/wirmachendas.jetzt\/en\/wp-json\/wp\/v2\/media\/33"}],"wp:attachment":[{"href":"https:\/\/wirmachendas.jetzt\/en\/wp-json\/wp\/v2\/media?parent=67"}],"curies":[{"name":"wp","href":"https:\/\/api.w.org\/{rel}","templated":true}]}}