{"id":725,"date":"2024-11-13T12:52:03","date_gmt":"2024-11-13T11:52:03","guid":{"rendered":"https:\/\/wirmachendas.jetzt\/en\/?page_id=725"},"modified":"2025-03-18T11:52:37","modified_gmt":"2025-03-18T10:52:37","slug":"pipe-up-the-word-workhop","status":"publish","type":"page","link":"https:\/\/wirmachendas.jetzt\/en\/pipe-up-the-word-workhop\/","title":{"rendered":"Pipe Up! &#8211; The Word Workshop"},"content":{"rendered":"<p>From March 2025, the <em>Pipe Up!<\/em> project will offer a variety of workshops for children and young people from Berlin-Neuk\u00f6lln in close cooperation with schools around Publix. With our word workshops, we want to create a space in which young people can find their voice and develop their skills in writing and media projects. Neuk\u00f6lln-based journalist and filmmaker <strong>Schokofeh Kamiz i<\/strong>s in charge of the project.<\/p>\n<p><em>Pipe Up!<\/em> is developing two programme lines for children aged 8 to 12 and for teenagers and young adults aged 16 to 20. The focus of the programme is on promoting the talent of children and young people. <em>Pipe Up!<\/em> particularly targets young people who come from families with migration and refugee experience and\/or who grow up bilingually (e.g. Arabic, Turkish, Kurdish, Persian, Ukrainian). This specific bilingualism is conceptually recognised and promoted as a strength from the outset. <em>Pipe Up! <\/em>supports young people in articulating and critically reflecting on their concerns and questions in order to understand and engage as active members of society.<\/p>\n<p>In our project work, we draw on the expertise, the team and the network of our international <em>Weiter Schreiben<\/em> (\u201cWriting On\u201d)programme, which includes numerous renowned multilingual (exiled) authors and mediators. The children and young people develop an output in all word workshop formats: This can be vlogs, podcasts, print products, online publications, social media formats or readings. With <em>Pipe Up! &#8211; The Word Workshop<\/em>, Publix opens up its spaces and shares its expertise with the young neighbourhood. In 2025, we are working together with Regenbogen-Grundschule-Neuk\u00f6lln and Albrecht-D\u00fcrer-Gymnasium. We are also developing a workshop format together with <a href=\"https:\/\/berlin.bard.edu\/\" target=\"_blank\" rel=\"noopener\">Bard College Berlin<\/a>.<\/p>\n<p>Publix was initiated by the Sch\u00f6pflin Foundation to strengthen independent journalism and a democratic public sphere. The building at Hermannstra\u00dfe 90 in Berlin-Neuk\u00f6lln opened in September 2024 and is a place for innovation, knowledge transfer and networking. From specialist conferences, discussions and readings to a book club for young people in the neighbourhood. The programme is aimed at everyone.<\/p>\n<p>The Pipe Up! &#8211; Die Wortwerkstatt project is organised in cooperation with and funded by Publix.<\/p>\n","protected":false},"excerpt":{"rendered":"<p>From March 2025, the Pipe Up! project will offer a variety of workshops for children and young people from Berlin-Neuk\u00f6lln in close cooperation with schools around Publix. With our word workshops, we want to create a space in which young people can find their voice and develop their skills in writing and media projects. Neuk\u00f6lln-based &hellip; <a href=\"https:\/\/wirmachendas.jetzt\/en\/pipe-up-the-word-workhop\/\" class=\"more-link\"><span class=\"screen-reader-text\">\u201ePipe Up! &#8211; The Word Workshop\u201c <\/span>weiterlesen<\/a><\/p>\n","protected":false},"author":14,"featured_media":726,"parent":0,"menu_order":3,"comment_status":"closed","ping_status":"closed","template":"page-projekte.php","meta":{"_acf_changed":false,"footnotes":""},"class_list":["post-725","page","type-page","status-publish","has-post-thumbnail","hentry"],"acf":[],"yoast_head":"<!-- This site is optimized with the Yoast SEO plugin v26.6 - https:\/\/yoast.com\/wordpress\/plugins\/seo\/ -->\n<title>Pipe Up! - The Word Workshop - wearedoingit e.V.<\/title>\n<meta name=\"description\" content=\"We are developing the project \u2018Pipe Up! - The Word Workshop\u2019 in cooperation with Publix, led \u00a0by Schokofeh Kamiz.\" \/>\n<meta name=\"robots\" content=\"index, follow, max-snippet:-1, max-image-preview:large, max-video-preview:-1\" \/>\n<link rel=\"canonical\" href=\"https:\/\/wirmachendas.jetzt\/en\/pipe-up-the-word-workhop\/\" \/>\n<meta property=\"og:locale\" content=\"de_DE\" \/>\n<meta property=\"og:type\" content=\"article\" \/>\n<meta property=\"og:title\" content=\"Pipe Up! - The Word Workshop - wearedoingit e.V.\" \/>\n<meta property=\"og:description\" content=\"We are developing the project \u2018Pipe Up! - The Word Workshop\u2019 in cooperation with Publix, led \u00a0by Schokofeh Kamiz.\" \/>\n<meta property=\"og:url\" content=\"https:\/\/wirmachendas.jetzt\/en\/pipe-up-the-word-workhop\/\" \/>\n<meta property=\"og:site_name\" content=\"wearedoingit e.V.\" \/>\n<meta property=\"article:modified_time\" content=\"2025-03-18T10:52:37+00:00\" \/>\n<meta property=\"og:image\" content=\"https:\/\/wirmachendas.jetzt\/en\/wp-content\/uploads\/sites\/3\/2024\/11\/Design-ohne-Titel-1.png\" \/>\n\t<meta property=\"og:image:width\" content=\"950\" \/>\n\t<meta property=\"og:image:height\" content=\"633\" \/>\n\t<meta property=\"og:image:type\" content=\"image\/png\" \/>\n<meta name=\"twitter:card\" content=\"summary_large_image\" \/>\n<meta name=\"twitter:label1\" content=\"Gesch\u00e4tzte Lesezeit\" \/>\n\t<meta name=\"twitter:data1\" content=\"3\u00a0Minuten\" \/>\n<script type=\"application\/ld+json\" class=\"yoast-schema-graph\">{\"@context\":\"https:\/\/schema.org\",\"@graph\":[{\"@type\":\"WebPage\",\"@id\":\"https:\/\/wirmachendas.jetzt\/en\/pipe-up-the-word-workhop\/\",\"url\":\"https:\/\/wirmachendas.jetzt\/en\/pipe-up-the-word-workhop\/\",\"name\":\"Pipe Up! - The Word Workshop - wearedoingit e.V.\",\"isPartOf\":{\"@id\":\"https:\/\/wirmachendas.jetzt\/en\/#website\"},\"primaryImageOfPage\":{\"@id\":\"https:\/\/wirmachendas.jetzt\/en\/pipe-up-the-word-workhop\/#primaryimage\"},\"image\":{\"@id\":\"https:\/\/wirmachendas.jetzt\/en\/pipe-up-the-word-workhop\/#primaryimage\"},\"thumbnailUrl\":\"https:\/\/wirmachendas.jetzt\/en\/wp-content\/uploads\/sites\/3\/2024\/11\/Design-ohne-Titel-1.png\",\"datePublished\":\"2024-11-13T11:52:03+00:00\",\"dateModified\":\"2025-03-18T10:52:37+00:00\",\"description\":\"We are developing the project \u2018Pipe Up! - The Word Workshop\u2019 in cooperation with Publix, led \u00a0by Schokofeh Kamiz.\",\"breadcrumb\":{\"@id\":\"https:\/\/wirmachendas.jetzt\/en\/pipe-up-the-word-workhop\/#breadcrumb\"},\"inLanguage\":\"de\",\"potentialAction\":[{\"@type\":\"ReadAction\",\"target\":[\"https:\/\/wirmachendas.jetzt\/en\/pipe-up-the-word-workhop\/\"]}]},{\"@type\":\"ImageObject\",\"inLanguage\":\"de\",\"@id\":\"https:\/\/wirmachendas.jetzt\/en\/pipe-up-the-word-workhop\/#primaryimage\",\"url\":\"https:\/\/wirmachendas.jetzt\/en\/wp-content\/uploads\/sites\/3\/2024\/11\/Design-ohne-Titel-1.png\",\"contentUrl\":\"https:\/\/wirmachendas.jetzt\/en\/wp-content\/uploads\/sites\/3\/2024\/11\/Design-ohne-Titel-1.png\",\"width\":950,\"height\":633,\"caption\":\"Pipe Up The Word Worskshop\"},{\"@type\":\"BreadcrumbList\",\"@id\":\"https:\/\/wirmachendas.jetzt\/en\/pipe-up-the-word-workhop\/#breadcrumb\",\"itemListElement\":[{\"@type\":\"ListItem\",\"position\":1,\"name\":\"Startseite\",\"item\":\"https:\/\/wirmachendas.jetzt\/en\/\"},{\"@type\":\"ListItem\",\"position\":2,\"name\":\"Pipe Up! &#8211; The Word Workshop\"}]},{\"@type\":\"WebSite\",\"@id\":\"https:\/\/wirmachendas.jetzt\/en\/#website\",\"url\":\"https:\/\/wirmachendas.jetzt\/en\/\",\"name\":\"wearedoingit e.V.\",\"description\":\"\",\"potentialAction\":[{\"@type\":\"SearchAction\",\"target\":{\"@type\":\"EntryPoint\",\"urlTemplate\":\"https:\/\/wirmachendas.jetzt\/en\/?s={search_term_string}\"},\"query-input\":{\"@type\":\"PropertyValueSpecification\",\"valueRequired\":true,\"valueName\":\"search_term_string\"}}],\"inLanguage\":\"de\"}]}<\/script>\n<!-- \/ Yoast SEO plugin. -->","yoast_head_json":{"title":"Pipe Up! - The Word Workshop - wearedoingit e.V.","description":"We are developing the project \u2018Pipe Up! - The Word Workshop\u2019 in cooperation with Publix, led \u00a0by Schokofeh Kamiz.","robots":{"index":"index","follow":"follow","max-snippet":"max-snippet:-1","max-image-preview":"max-image-preview:large","max-video-preview":"max-video-preview:-1"},"canonical":"https:\/\/wirmachendas.jetzt\/en\/pipe-up-the-word-workhop\/","og_locale":"de_DE","og_type":"article","og_title":"Pipe Up! - The Word Workshop - wearedoingit e.V.","og_description":"We are developing the project \u2018Pipe Up! - The Word Workshop\u2019 in cooperation with Publix, led \u00a0by Schokofeh Kamiz.","og_url":"https:\/\/wirmachendas.jetzt\/en\/pipe-up-the-word-workhop\/","og_site_name":"wearedoingit e.V.","article_modified_time":"2025-03-18T10:52:37+00:00","og_image":[{"width":950,"height":633,"url":"https:\/\/wirmachendas.jetzt\/en\/wp-content\/uploads\/sites\/3\/2024\/11\/Design-ohne-Titel-1.png","type":"image\/png"}],"twitter_card":"summary_large_image","twitter_misc":{"Gesch\u00e4tzte Lesezeit":"3\u00a0Minuten"},"schema":{"@context":"https:\/\/schema.org","@graph":[{"@type":"WebPage","@id":"https:\/\/wirmachendas.jetzt\/en\/pipe-up-the-word-workhop\/","url":"https:\/\/wirmachendas.jetzt\/en\/pipe-up-the-word-workhop\/","name":"Pipe Up! - The Word Workshop - wearedoingit e.V.","isPartOf":{"@id":"https:\/\/wirmachendas.jetzt\/en\/#website"},"primaryImageOfPage":{"@id":"https:\/\/wirmachendas.jetzt\/en\/pipe-up-the-word-workhop\/#primaryimage"},"image":{"@id":"https:\/\/wirmachendas.jetzt\/en\/pipe-up-the-word-workhop\/#primaryimage"},"thumbnailUrl":"https:\/\/wirmachendas.jetzt\/en\/wp-content\/uploads\/sites\/3\/2024\/11\/Design-ohne-Titel-1.png","datePublished":"2024-11-13T11:52:03+00:00","dateModified":"2025-03-18T10:52:37+00:00","description":"We are developing the project \u2018Pipe Up! - The Word Workshop\u2019 in cooperation with Publix, led \u00a0by Schokofeh Kamiz.","breadcrumb":{"@id":"https:\/\/wirmachendas.jetzt\/en\/pipe-up-the-word-workhop\/#breadcrumb"},"inLanguage":"de","potentialAction":[{"@type":"ReadAction","target":["https:\/\/wirmachendas.jetzt\/en\/pipe-up-the-word-workhop\/"]}]},{"@type":"ImageObject","inLanguage":"de","@id":"https:\/\/wirmachendas.jetzt\/en\/pipe-up-the-word-workhop\/#primaryimage","url":"https:\/\/wirmachendas.jetzt\/en\/wp-content\/uploads\/sites\/3\/2024\/11\/Design-ohne-Titel-1.png","contentUrl":"https:\/\/wirmachendas.jetzt\/en\/wp-content\/uploads\/sites\/3\/2024\/11\/Design-ohne-Titel-1.png","width":950,"height":633,"caption":"Pipe Up The Word Worskshop"},{"@type":"BreadcrumbList","@id":"https:\/\/wirmachendas.jetzt\/en\/pipe-up-the-word-workhop\/#breadcrumb","itemListElement":[{"@type":"ListItem","position":1,"name":"Startseite","item":"https:\/\/wirmachendas.jetzt\/en\/"},{"@type":"ListItem","position":2,"name":"Pipe Up! &#8211; The Word Workshop"}]},{"@type":"WebSite","@id":"https:\/\/wirmachendas.jetzt\/en\/#website","url":"https:\/\/wirmachendas.jetzt\/en\/","name":"wearedoingit e.V.","description":"","potentialAction":[{"@type":"SearchAction","target":{"@type":"EntryPoint","urlTemplate":"https:\/\/wirmachendas.jetzt\/en\/?s={search_term_string}"},"query-input":{"@type":"PropertyValueSpecification","valueRequired":true,"valueName":"search_term_string"}}],"inLanguage":"de"}]}},"_links":{"self":[{"href":"https:\/\/wirmachendas.jetzt\/en\/wp-json\/wp\/v2\/pages\/725","targetHints":{"allow":["GET"]}}],"collection":[{"href":"https:\/\/wirmachendas.jetzt\/en\/wp-json\/wp\/v2\/pages"}],"about":[{"href":"https:\/\/wirmachendas.jetzt\/en\/wp-json\/wp\/v2\/types\/page"}],"author":[{"embeddable":true,"href":"https:\/\/wirmachendas.jetzt\/en\/wp-json\/wp\/v2\/users\/14"}],"replies":[{"embeddable":true,"href":"https:\/\/wirmachendas.jetzt\/en\/wp-json\/wp\/v2\/comments?post=725"}],"version-history":[{"count":0,"href":"https:\/\/wirmachendas.jetzt\/en\/wp-json\/wp\/v2\/pages\/725\/revisions"}],"wp:featuredmedia":[{"embeddable":true,"href":"https:\/\/wirmachendas.jetzt\/en\/wp-json\/wp\/v2\/media\/726"}],"wp:attachment":[{"href":"https:\/\/wirmachendas.jetzt\/en\/wp-json\/wp\/v2\/media?parent=725"}],"curies":[{"name":"wp","href":"https:\/\/api.w.org\/{rel}","templated":true}]}}